{"id":2365,"date":"2020-02-18T19:15:16","date_gmt":"2020-02-18T17:15:16","guid":{"rendered":"https:\/\/carlotaarara.com\/privacy-policy\/"},"modified":"2023-05-22T17:25:22","modified_gmt":"2023-05-22T15:25:22","slug":"privacy-policy","status":"publish","type":"page","link":"https:\/\/carlotaarara.com\/en\/privacy-policy\/","title":{"rendered":"Confidentiality policy"},"content":{"rendered":"<h2>Qui som<\/h2>\n<p>L&#8217;adre\u00e7a de la nostra web \u00e9s: https:\/\/carlotaarara.com.<\/p>\n<h2>Quines dades personals recollim i per qu\u00e8 els recollim<\/h2>\n<h3>Formularis de contacte<\/h3>\n<h3>Cookies<\/h3>\n<p>Quan accedeixis, tamb\u00e9 instal\u00b7larem diverses cookies per a guardar la teva informaci\u00f3 d&#8217;acc\u00e9s i les teves opcions de visualitzaci\u00f3 de pantalla. Les cookies d&#8217;acc\u00e9s duren dos dies, i les cookies d&#8217;opcions de pantalla duren un any. Si selecciones \u00ab*Recuerdarme\u00bb, el teu acc\u00e9s perdurar\u00e0 durant dues setmanes. Si surts del teu compte, les cookies d&#8217;acc\u00e9s s&#8217;eliminaran.<\/p>\n<h3>Contingut incrustat d&#8217;altres llocs web<\/h3>\n<p>Els articles d&#8217;aquest lloc poden incloure contingut incrustat (per exemple, v\u00eddeos, imatges, articles, etc.). El contingut incrustat d&#8217;altres webs es comporta exactament de la mateixa manera que si el visitant hagu\u00e9s visitat l&#8217;altra web. Aquestes web poden recopilar dades sobre tu, utilitzar cookies, incrustar un seguiment addicional de tercers, i supervisar la teva interacci\u00f3 amb aquest contingut incrustat, incl\u00f2s el seguiment de la teva interacci\u00f3 amb el contingut incrustat si tens un compte i est\u00e0s connectat a aquesta web.<\/p>\n<h3>Anal\u00edtica<\/h3>\n<h2>Amb qui compartim les teves dades<\/h2>\n<h2>Quant temps conservem les teves dades<\/h2>\n<p>Si deixes un comentari, el comentari i les seves metadades es conserven indefinidament. Aix\u00f2 \u00e9s perqu\u00e8 puguem recon\u00e8ixer i aprovar comentaris successius autom\u00e0ticament, en lloc de mantenir-los en una cua de moderaci\u00f3. Dels usuaris que es registren en la nostra web (si n&#8217;hi ha), tamb\u00e9 emmagatzemem la informaci\u00f3 personal que proporcionen en el seu perfil d&#8217;usuari. Tots els usuaris poden veure, editar o eliminar la seva informaci\u00f3 personal en qualsevol moment (excepte que no poden canviar el seu nom d&#8217;usuari). Els administradors de la web tamb\u00e9 poden veure i editar aquesta informaci\u00f3.<\/p>\n<h2>Quins drets tens sobre les teves dades<\/h2>\n<p>Si tens un compte o has deixat comentaris en aquesta web, pots sol\u00b7licitar rebre un arxiu d&#8217;exportaci\u00f3 de les dades personals que tenim sobre tu, incloent-hi qualsevol dada que ens hagis proporcionat. Tamb\u00e9 pots sol\u00b7licitar que eliminem qualsevol dada personal que tinguem sobre tu. Aix\u00f2 no inclou cap dada que estiguem obligats a conservar amb finalitats administratius, legals o de seguretat.<\/p>\n","protected":false},"excerpt":{"rendered":"Qui som L&#8217;adre\u00e7a de la nostra web \u00e9s: https:\/\/carlotaarara.com. Quines dades personals recollim i per qu\u00e8 els recollim Formularis de contacte Cookies Quan accedeixis, tamb\u00e9 instal\u00b7larem diverses cookies per a guardar la teva informaci\u00f3 d&#8217;acc\u00e9s i les teves opcions de visualitzaci\u00f3 de pantalla. Les cookies d&#8217;acc\u00e9s duren dos dies, i les cookies d&#8217;opcions de pantalla&#8230; <a class=\"view-article\" href=\"https:\/\/carlotaarara.com\/en\/privacy-policy\/\">View Article<\/a>","protected":false},"author":1,"featured_media":1638,"parent":0,"menu_order":0,"comment_status":"closed","ping_status":"closed","template":"","meta":{"_acf_changed":false,"footnotes":""},"class_list":["post-2365","page","type-page","status-publish","has-post-thumbnail","hentry"],"acf":[],"_links":{"self":[{"href":"https:\/\/carlotaarara.com\/en\/wp-json\/wp\/v2\/pages\/2365","targetHints":{"allow":["GET"]}}],"collection":[{"href":"https:\/\/carlotaarara.com\/en\/wp-json\/wp\/v2\/pages"}],"about":[{"href":"https:\/\/carlotaarara.com\/en\/wp-json\/wp\/v2\/types\/page"}],"author":[{"embeddable":true,"href":"https:\/\/carlotaarara.com\/en\/wp-json\/wp\/v2\/users\/1"}],"replies":[{"embeddable":true,"href":"https:\/\/carlotaarara.com\/en\/wp-json\/wp\/v2\/comments?post=2365"}],"version-history":[{"count":1,"href":"https:\/\/carlotaarara.com\/en\/wp-json\/wp\/v2\/pages\/2365\/revisions"}],"predecessor-version":[{"id":2366,"href":"https:\/\/carlotaarara.com\/en\/wp-json\/wp\/v2\/pages\/2365\/revisions\/2366"}],"wp:featuredmedia":[{"embeddable":true,"href":"https:\/\/carlotaarara.com\/en\/wp-json\/wp\/v2\/media\/1638"}],"wp:attachment":[{"href":"https:\/\/carlotaarara.com\/en\/wp-json\/wp\/v2\/media?parent=2365"}],"curies":[{"name":"wp","href":"https:\/\/api.w.org\/{rel}","templated":true}]}}