{"id":443,"date":"2020-02-18T19:15:16","date_gmt":"2020-02-18T17:15:16","guid":{"rendered":"https:\/\/carlotaarara.com\/?page_id=443"},"modified":"2020-03-02T16:55:17","modified_gmt":"2020-03-02T16:55:17","slug":"politica-de-privacidad","status":"publish","type":"page","link":"https:\/\/carlotaarara.com\/es\/politica-de-privacidad\/","title":{"rendered":"Pol\u00edtica de privacidad"},"content":{"rendered":"\n<h2 class=\"wp-block-heading\">Qui\u00e9nes somos<\/h2>\n\n\n\n<p>La direcci\u00f3n de nuestra web es: https:\/\/carlotaarara.com.<\/p>\n\n\n\n<h2 class=\"wp-block-heading\">Qu\u00e9 datos personales recogemos y por qu\u00e9 los recogemos<\/h2>\n\n\n\n<h3 class=\"wp-block-heading\">Formularios de contacto<\/h3>\n\n\n\n<h3 class=\"wp-block-heading\">Cookies<\/h3>\n\n\n\n<p>Cuando\n accedas, tambi\u00e9n instalaremos varias cookies para guardar tu \ninformaci\u00f3n de acceso y tus opciones de visualizaci\u00f3n de pantalla. Las \ncookies de acceso duran dos d\u00edas, y las cookies de opciones de pantalla \nduran un a\u00f1o. Si seleccionas \u00abRecu\u00e9rdarme\u00bb, tu acceso perdurar\u00e1 durante \ndos semanas. Si sales de tu cuenta, las cookies de acceso se eliminar\u00e1n.<\/p>\n\n\n\n<h3 class=\"wp-block-heading\">Contenido incrustado de otros sitios web<\/h3>\n\n\n\n<p>Los\n art\u00edculos de este sitio pueden incluir contenido incrustado (por \nejemplo, v\u00eddeos, im\u00e1genes, art\u00edculos, etc.). El contenido incrustado de \notras webs se comporta exactamente de la misma manera que si el \nvisitante hubiera visitado la otra web.<\/p>\n\n\n\n<p>Estas web pueden recopilar\n datos sobre ti, utilizar cookies, incrustar un seguimiento adicional de\n terceros, y supervisar tu interacci\u00f3n con ese contenido incrustado, \nincluido el seguimiento de tu interacci\u00f3n con el contenido incrustado si\n tienes una cuenta y est\u00e1s conectado a esa web.<\/p>\n\n\n\n<h3 class=\"wp-block-heading\">Anal\u00edtica<\/h3>\n\n\n\n<h2 class=\"wp-block-heading\">Con qui\u00e9n compartimos tus datos<\/h2>\n\n\n\n<h2 class=\"wp-block-heading\">Cu\u00e1nto tiempo conservamos tus datos<\/h2>\n\n\n\n<p>Si\n dejas un comentario, el comentario y sus metadatos se conservan \nindefinidamente. Esto es para que podamos reconocer y aprobar \ncomentarios sucesivos autom\u00e1ticamente, en lugar de mantenerlos en una \ncola de moderaci\u00f3n.<\/p>\n\n\n\n<p>De los usuarios que se registran en nuestra \nweb (si los hay), tambi\u00e9n almacenamos la informaci\u00f3n personal que \nproporcionan en su perfil de usuario. Todos los usuarios pueden ver, \neditar o eliminar su informaci\u00f3n personal en cualquier momento (excepto \nque no pueden cambiar su nombre de usuario). Los administradores de la \nweb tambi\u00e9n pueden ver y editar esa informaci\u00f3n.<\/p>\n\n\n\n<h2 class=\"wp-block-heading\">Qu\u00e9 derechos tienes sobre tus datos<\/h2>\n\n\n\n<p>Si\n tienes una cuenta o has dejado comentarios en esta web, puedes \nsolicitar recibir un archivo de exportaci\u00f3n de los datos personales que \ntenemos sobre ti, incluyendo cualquier dato que nos hayas proporcionado.\n Tambi\u00e9n puedes solicitar que eliminemos cualquier dato personal que \ntengamos sobre ti. Esto no incluye ning\u00fan dato que estemos obligados a \nconservar con fines administrativos, legales o de seguridad.<\/p>\n","protected":false},"excerpt":{"rendered":"Qui\u00e9nes somos La direcci\u00f3n de nuestra web es: https:\/\/carlotaarara.com. Qu\u00e9 datos personales recogemos y por qu\u00e9 los recogemos Formularios de contacto Cookies Cuando accedas, tambi\u00e9n instalaremos varias cookies para guardar tu informaci\u00f3n de acceso y tus opciones de visualizaci\u00f3n de pantalla. Las cookies de acceso duran dos d\u00edas, y las cookies de opciones de pantalla&#8230; <a class=\"view-article\" href=\"https:\/\/carlotaarara.com\/es\/politica-de-privacidad\/\">Ver art\u00edculo<\/a>","protected":false},"author":1,"featured_media":56,"parent":0,"menu_order":0,"comment_status":"closed","ping_status":"closed","template":"","meta":{"_acf_changed":false,"footnotes":""},"class_list":["post-443","page","type-page","status-publish","has-post-thumbnail","hentry"],"acf":[],"_links":{"self":[{"href":"https:\/\/carlotaarara.com\/es\/wp-json\/wp\/v2\/pages\/443","targetHints":{"allow":["GET"]}}],"collection":[{"href":"https:\/\/carlotaarara.com\/es\/wp-json\/wp\/v2\/pages"}],"about":[{"href":"https:\/\/carlotaarara.com\/es\/wp-json\/wp\/v2\/types\/page"}],"author":[{"embeddable":true,"href":"https:\/\/carlotaarara.com\/es\/wp-json\/wp\/v2\/users\/1"}],"replies":[{"embeddable":true,"href":"https:\/\/carlotaarara.com\/es\/wp-json\/wp\/v2\/comments?post=443"}],"version-history":[{"count":1,"href":"https:\/\/carlotaarara.com\/es\/wp-json\/wp\/v2\/pages\/443\/revisions"}],"predecessor-version":[{"id":444,"href":"https:\/\/carlotaarara.com\/es\/wp-json\/wp\/v2\/pages\/443\/revisions\/444"}],"wp:featuredmedia":[{"embeddable":true,"href":"https:\/\/carlotaarara.com\/es\/wp-json\/wp\/v2\/media\/56"}],"wp:attachment":[{"href":"https:\/\/carlotaarara.com\/es\/wp-json\/wp\/v2\/media?parent=443"}],"curies":[{"name":"wp","href":"https:\/\/api.w.org\/{rel}","templated":true}]}}